{"id":2,"date":"2016-05-10T03:48:21","date_gmt":"2016-05-10T03:48:21","guid":{"rendered":"http:\/\/zauberbluete-schneider.de\/?page_id=2"},"modified":"2021-02-27T17:28:24","modified_gmt":"2021-02-27T17:28:24","slug":"sample-page","status":"publish","type":"page","link":"https:\/\/zauberbluete-schneider.de\/","title":{"rendered":"Home"},"content":{"rendered":"<p style=\"text-align: justify;\">Verschenken Sie Freude in Form von Blumen!<\/p>\r\n<p style=\"text-align: justify;\">Bei uns finden Sie alles Rund um Blumen, Gestecke und Dekorationen. In unserem Gesch\u00e4ft in Wiesbaden k\u00f6nnen Sie sich inspirieren lassen, um Ihr Zuhause zu versch\u00f6nern oder um anderen ganz besondere Geschenke zu machen. Egal, ob Sie einen Brautstrau\u00df oder eine Dekoration f\u00fcr Ihre Praxis\/Kanzlei\/B\u00fcro ben\u00f6tigen, bei uns sind Sie richtig aufgehoben.<\/p>\r\n<p style=\"text-align: justify;\">Kommen Sie vorbei, wir freuen uns auf Sie!<\/p>\r\n<p style=\"text-align: justify;\"><br \/>Unsere Leistungen im \u00dcberblick:<\/p>\r\n<p>&nbsp;<\/p>\r\n<p style=\"text-align: justify;\"><strong><span style=\"font-size: 12pt;\">Hochzeiten<\/span><\/strong><\/p>\r\n<p><strong>Konfirmation\/Kommunion<\/strong><\/p>\r\n<p style=\"text-align: justify;\"><strong style=\"font-size: 1rem;\"><span style=\"font-size: 12pt;\">Trauerfeiern<\/span><\/strong><\/p>\r\n<p><strong>Geburtstage<\/strong><\/p>\r\n<p style=\"text-align: justify;\"><strong style=\"font-size: 1rem;\"><span style=\"font-size: 12pt;\">Kreative Ideen f\u00fcrs B\u00fcro\/Praxis\/Kanzlei<\/span><\/strong><\/p>\r\n<p style=\"text-align: justify;\"><strong style=\"font-size: 1rem;\">Weihnachtsfeiern<\/strong><\/p>\r\n<div class=\"wp-block-media-text alignwide is-stacked-on-mobile\">\r\n<div class=\"wp-block-media-text__content\"><strong><span style=\"font-size: 12pt;\"><!-- \/wp:paragraph --><\/span><\/strong><\/div>\r\n<\/div>\r\n<p><strong><span style=\"font-size: 12pt;\"><!-- \/wp:media-text -->\r\n\r\n<!-- wp:paragraph --><\/span><\/strong><\/p>\r\n<p style=\"text-align: justify;\"><strong><span style=\"font-size: 12pt;\">und vieles mehr \u2026<\/span><\/strong><\/p>\r\n<p style=\"text-align: justify;\"><br \/><br \/>Sprechen Sie uns einfach an, damit wir Ihre Ideen umsetzen k\u00f6nnen!<\/p>\r\n<!-- \/wp:paragraph -->\r\n\r\n<!-- wp:paragraph -->\r\n<p>&nbsp;<\/p>\r\n<!-- \/wp:paragraph -->","protected":false},"excerpt":{"rendered":"<p>Verschenken Sie Freude in Form von Blumen! Bei uns finden Sie alles Rund um Blumen, Gestecke und Dekorationen. In unserem Gesch\u00e4ft in Wiesbaden k\u00f6nnen Sie sich inspirieren lassen, um Ihr Zuhause zu versch\u00f6nern oder um anderen ganz besondere Geschenke zu machen. Egal, ob Sie einen Brautstrau\u00df oder eine Dekoration f\u00fcr Ihre Praxis\/Kanzlei\/B\u00fcro ben\u00f6tigen, bei uns &hellip; <\/p>\n<p class=\"link-more\"><a href=\"https:\/\/zauberbluete-schneider.de\/\" class=\"more-link\"><span class=\"screen-reader-text\">\u201eHome\u201c<\/span> weiterlesen<\/a><\/p>\n","protected":false},"author":1,"featured_media":0,"parent":0,"menu_order":0,"comment_status":"closed","ping_status":"open","template":"","meta":[],"_links":{"self":[{"href":"https:\/\/zauberbluete-schneider.de\/index.php?rest_route=\/wp\/v2\/pages\/2"}],"collection":[{"href":"https:\/\/zauberbluete-schneider.de\/index.php?rest_route=\/wp\/v2\/pages"}],"about":[{"href":"https:\/\/zauberbluete-schneider.de\/index.php?rest_route=\/wp\/v2\/types\/page"}],"author":[{"embeddable":true,"href":"https:\/\/zauberbluete-schneider.de\/index.php?rest_route=\/wp\/v2\/users\/1"}],"replies":[{"embeddable":true,"href":"https:\/\/zauberbluete-schneider.de\/index.php?rest_route=%2Fwp%2Fv2%2Fcomments&post=2"}],"version-history":[{"count":18,"href":"https:\/\/zauberbluete-schneider.de\/index.php?rest_route=\/wp\/v2\/pages\/2\/revisions"}],"predecessor-version":[{"id":101,"href":"https:\/\/zauberbluete-schneider.de\/index.php?rest_route=\/wp\/v2\/pages\/2\/revisions\/101"}],"wp:attachment":[{"href":"https:\/\/zauberbluete-schneider.de\/index.php?rest_route=%2Fwp%2Fv2%2Fmedia&parent=2"}],"curies":[{"name":"wp","href":"https:\/\/api.w.org\/{rel}","templated":true}]}}